{"id":476,"date":"2025-12-13T23:48:52","date_gmt":"2025-12-13T22:48:52","guid":{"rendered":"https:\/\/www.rhumrepublic.com\/?page_id=476"},"modified":"2025-12-16T18:28:05","modified_gmt":"2025-12-16T17:28:05","slug":"bons-plans","status":"publish","type":"page","link":"https:\/\/www.rhumrepublic.com\/index.php\/bons-plans\/","title":{"rendered":"Bons plans"},"content":{"rendered":"<p>Les BONS PLANS &#8211; Rhum Republic<\/p>\n<p>Trouvez ici des bons plans cadeaux \u00e0 offrir pour les f\u00eates, anniversaires ou les occasions particuli\u00e8res&#8230;<\/p>\n<p><img loading=\"lazy\" decoding=\"async\" class=\"alignnone size-full wp-image-484\" src=\"https:\/\/www.rhumrepublic.com\/wp-content\/uploads\/2025\/12\/Montebello_rhumrepublic_WEB.jpg\" alt=\"Montebello rhumrepublic web\" width=\"600\" height=\"642\" srcset=\"https:\/\/www.rhumrepublic.com\/wp-content\/uploads\/2025\/12\/Montebello_rhumrepublic_WEB.jpg 600w, https:\/\/www.rhumrepublic.com\/wp-content\/uploads\/2025\/12\/Montebello_rhumrepublic_WEB-280x300.jpg 280w\" sizes=\"auto, (max-width: 600px) 100vw, 600px\" \/><\/p>\n<p>L&rsquo;id\u00e9e cadeau parfaite pour les amateurs de Rhum Agricole <span class=\"html-span xexx8yu xyri2b x18d9i69 x1c1uobl x1hl2dhg x16tdsg8 x1vvkbs x3nfvp2 x1j61x8r x1fcty0u xdj266r xat24cr xm2jcoa x1mpyi22 xxymvpz xlup9mm x1kky2od\"><img loading=\"lazy\" decoding=\"async\" class=\"xz74otr x15mokao x1ga7v0g x16uus16 xbiv7yw\" src=\"https:\/\/static.xx.fbcdn.net\/images\/emoji.php\/v9\/tf4\/1\/16\/2728.png\" alt=\"\u2728\" width=\"16\" height=\"16\" \/> ???<\/span><br class=\"html-br\" \/>Le coffret d\u00e9gustation #Montebello, une s\u00e9lection de leurs cuv\u00e9es embl\u00e9matiques en format miniatures.<br class=\"html-br\" \/>\u00c0 offrir \u00e0 un ami, la famille\u2026 ou \u00e0 s\u2019offrir \u00e0 soi-m\u00eame.<\/p>\n<p>Disponible \u00e0 la boutique Montebello<\/p>\n<p>&nbsp;<\/p>\n<p>#RhumAgricole #Rhum<\/p>\n<p><em>Retrouve chaque semaine \u00ab\u00a0Le saviez-vous ?\u00a0\u00bb sur notre page\u00a0<a href=\"http:\/\/www.facebook.com\/Rhumrepublic\" target=\"_blank\" rel=\"noopener\">Facebook<\/a>\u2026 des anecdotes, Histoires et rituels autour du Rhum.<\/em><\/p>\n","protected":false},"excerpt":{"rendered":"<p>Les BONS PLANS &#8211; Rhum Republic Trouvez ici des bons plans cadeaux \u00e0 offrir pour les f\u00eates, anniversaires ou les occasions particuli\u00e8res&#8230; L&rsquo;id\u00e9e cadeau parfaite pour les amateurs de Rhum Agricole ???Le coffret d\u00e9gustation #Montebello, une s\u00e9lection de leurs cuv\u00e9es embl\u00e9matiques en format miniatures.\u00c0 offrir \u00e0 un ami, la famille\u2026 ou \u00e0 s\u2019offrir \u00e0 soi-m\u00eame. [&hellip;]<\/p>\n","protected":false},"author":1,"featured_media":483,"parent":0,"menu_order":0,"comment_status":"closed","ping_status":"closed","template":"","meta":{"slim_seo":{"title":"Bon plan rhum agricole","description":"Trouvez ici des bons plans rhum agricole pour les f\u00eates, anniversaires par rhum republic","canonical":"https:\/\/www.rhumrepublic.com\/shop\/"},"footnotes":""},"class_list":["post-476","page","type-page","status-publish","has-post-thumbnail","hentry"],"_links":{"self":[{"href":"https:\/\/www.rhumrepublic.com\/index.php\/wp-json\/wp\/v2\/pages\/476","targetHints":{"allow":["GET"]}}],"collection":[{"href":"https:\/\/www.rhumrepublic.com\/index.php\/wp-json\/wp\/v2\/pages"}],"about":[{"href":"https:\/\/www.rhumrepublic.com\/index.php\/wp-json\/wp\/v2\/types\/page"}],"author":[{"embeddable":true,"href":"https:\/\/www.rhumrepublic.com\/index.php\/wp-json\/wp\/v2\/users\/1"}],"replies":[{"embeddable":true,"href":"https:\/\/www.rhumrepublic.com\/index.php\/wp-json\/wp\/v2\/comments?post=476"}],"version-history":[{"count":4,"href":"https:\/\/www.rhumrepublic.com\/index.php\/wp-json\/wp\/v2\/pages\/476\/revisions"}],"predecessor-version":[{"id":485,"href":"https:\/\/www.rhumrepublic.com\/index.php\/wp-json\/wp\/v2\/pages\/476\/revisions\/485"}],"wp:featuredmedia":[{"embeddable":true,"href":"https:\/\/www.rhumrepublic.com\/index.php\/wp-json\/wp\/v2\/media\/483"}],"wp:attachment":[{"href":"https:\/\/www.rhumrepublic.com\/index.php\/wp-json\/wp\/v2\/media?parent=476"}],"curies":[{"name":"wp","href":"https:\/\/api.w.org\/{rel}","templated":true}]}}