{"id":410,"date":"2025-11-15T18:58:42","date_gmt":"2025-11-15T17:58:42","guid":{"rendered":"https:\/\/www.rhumrepublic.com\/?page_id=410"},"modified":"2025-12-07T16:07:09","modified_gmt":"2025-12-07T15:07:09","slug":"le-saviez-vous","status":"publish","type":"page","link":"https:\/\/www.rhumrepublic.com\/index.php\/le-saviez-vous\/","title":{"rendered":"Le saviez vous ?"},"content":{"rendered":"<p><img loading=\"lazy\" decoding=\"async\" class=\"alignnone size-full wp-image-457\" src=\"https:\/\/www.rhumrepublic.com\/wp-content\/uploads\/2025\/12\/image-35.jpg\" alt=\"le saviez vous - rhum republic\" width=\"1280\" height=\"720\" srcset=\"https:\/\/www.rhumrepublic.com\/wp-content\/uploads\/2025\/12\/image-35.jpg 1280w, https:\/\/www.rhumrepublic.com\/wp-content\/uploads\/2025\/12\/image-35-300x169.jpg 300w, https:\/\/www.rhumrepublic.com\/wp-content\/uploads\/2025\/12\/image-35-1024x576.jpg 1024w, https:\/\/www.rhumrepublic.com\/wp-content\/uploads\/2025\/12\/image-35-768x432.jpg 768w\" sizes=\"auto, (max-width: 1280px) 100vw, 1280px\" \/><\/p>\n<ul>\n<li><span style=\"font-weight: 400;\">\ud83d\udc49 Le mot <\/span><i><span style=\"font-weight: 400;\">\u201crhum\u201d<\/span><\/i><span style=\"font-weight: 400;\"> viendrait du mot anglais <\/span><b>\u201crumbullion\u201d<\/b><span style=\"font-weight: 400;\">, qui signifiait \u201cgrand tumulte\u201d au XVIIe si\u00e8cle.<\/span><span style=\"font-weight: 400;\"><br \/>\n<\/span><span style=\"font-weight: 400;\"> \ud83c\udfad Il d\u00e9signait \u00e0 l\u2019origine\u2026 les bagarres entre marins apr\u00e8s en avoir trop bu !<\/span><\/li>\n<\/ul>\n<p>&nbsp;<\/p>\n<ul>\n<li><span style=\"font-weight: 400;\">\ud83d\udc49 Le plus vieux rhum du monde encore conserv\u00e9 date de <\/span><b>1780<\/b><span style=\"font-weight: 400;\"> !<\/span><span style=\"font-weight: 400;\"><br \/>\n<\/span><span style=\"font-weight: 400;\"> Il s\u2019agit d\u2019un rhum jama\u00efcain, toujours gard\u00e9 pr\u00e9cieusement dans un mus\u00e9e britannique.<\/span><span style=\"font-weight: 400;\">\u27a1\ufe0f Si vous pouviez go\u00fbter un rhum ancien, <\/span><b>quelle \u00e9poque choisiriez-vous ?<\/b><\/li>\n<\/ul>\n<p>&nbsp;<\/p>\n<ul>\n<li><span style=\"font-weight: 400;\">\ud83d\udc49 Certains rhums sont <\/span><b>vieillis en mer<\/b><span style=\"font-weight: 400;\">, comme ceux de la Maison Ferroni ou de Plantation.<\/span><span style=\"font-weight: 400;\"><br \/>\n<\/span><span style=\"font-weight: 400;\"> Le mouvement constant du bateau acc\u00e9l\u00e8re le vieillissement et change les ar\u00f4mes ! \u2693<\/span><span style=\"font-weight: 400;\">\u27a1\ufe0f Vous tenteriez l\u2019exp\u00e9rience d\u2019un <\/span><b>rhum vieilli au large<\/b><span style=\"font-weight: 400;\"> ?<\/span><\/li>\n<\/ul>\n<p>&nbsp;<\/p>\n<ul>\n<li><span style=\"font-weight: 400;\">\u00a0\ud83d\udc49 \u00c0 Cuba, le rhum se savoure souvent pur, accompagn\u00e9 d\u2019un cigare et d\u2019un caf\u00e9 \u2615\ufe0f<\/span><span style=\"font-weight: 400;\"><br \/>\n<\/span><span style=\"font-weight: 400;\"> Une tradition d\u2019\u00e9l\u00e9gance h\u00e9rit\u00e9e du XIXe si\u00e8cle !<\/span><span style=\"font-weight: 400;\"><br \/>\n<\/span><span style=\"font-weight: 400;\"> \u27a1\ufe0f Quelle association vous tente le plus : rhum et cigare, ou rhum &amp; chocolat ?<\/span><\/li>\n<\/ul>\n<p>&nbsp;<\/p>\n<ul>\n<li><span style=\"font-weight: 400;\">\ud83d\udc49 Dans les Cara\u00efbes, on verse souvent quelques gouttes de rhum au sol avant de boire, en hommage aux anc\u00eatres.<\/span><span style=\"font-weight: 400;\"><br \/>\n<\/span><span style=\"font-weight: 400;\"> Ce geste s\u2019appelle \u201clibation\u201d et symbolise le respect des esprits.<\/span><\/li>\n<\/ul>\n<p><span style=\"font-weight: 400;\">\u00a0 \u00a0 \u00a0 \u00a0 \u00a0 \u27a1\ufe0f Avez-vous d\u00e9j\u00e0 vu ou pratiqu\u00e9 cette tradition spirituelle du rhum ?<\/span><\/p>\n<p>&nbsp;<\/p>\n<ul>\n<li><span style=\"font-weight: 400;\">\ud83d\udc49 Le c\u00e9l\u00e8bre \u201cti-punch\u201d antillais se pr\u00e9pare toujours \u00e0 la main :<\/span><span style=\"font-weight: 400;\"><br \/>\n<\/span><span style=\"font-weight: 400;\"> un peu de sucre, un zeste de citron vert, et du rhum \u2014 sans gla\u00e7ons !<\/span><span style=\"font-weight: 400;\"><br \/>\n<\/span><span style=\"font-weight: 400;\"> C\u2019est un geste culturel, pas une simple recette.<\/span><\/li>\n<\/ul>\n<p><span style=\"font-weight: 400;\">\u00a0 \u00a0 \u00a0 \u00a0 \u00a0 \u27a1\ufe0f Et vous, comment pr\u00e9parez-vous votre ti-punch ?<\/span><\/p>\n<p>&nbsp;<\/p>\n<ul>\n<li><span style=\"font-weight: 400;\">\ud83d\udc49 Le rhum est le seul spiritueux produit sur les 5 continents \ud83c\udf0e :<\/span><span style=\"font-weight: 400;\"><br \/>\n<\/span><span style=\"font-weight: 400;\"> des Cara\u00efbes \u00e0 l\u2019Inde, du Japon \u00e0 la France m\u00e9tropolitaine, chaque r\u00e9gion apporte sa signature.<\/span><\/li>\n<\/ul>\n<p><span style=\"font-weight: 400;\">\u00a0 \u00a0 \u00a0 \u00a0 \u00a0 \u27a1\ufe0f Quel pays producteur de rhum vous intrigue le plus ?<\/span><\/p>\n<p>&nbsp;<\/p>\n<ul>\n<li><span style=\"font-weight: 400;\">\u00a0\ud83d\udc49 En Martinique, l\u2019appellation \u201cRhum AOC Martinique\u201d est unique au monde \ud83c\udf34<\/span><span style=\"font-weight: 400;\"><br \/>\n<\/span><span style=\"font-weight: 400;\"> C\u2019est le seul rhum \u00e0 b\u00e9n\u00e9ficier d\u2019une Appellation d\u2019Origine Contr\u00f4l\u00e9e, comme les grands vins !<\/span><span style=\"font-weight: 400;\"><br \/>\n<\/span><span style=\"font-weight: 400;\"> \u27a1\ufe0f Avez-vous d\u00e9j\u00e0 go\u00fbt\u00e9 un rhum AOC ?<\/span><\/li>\n<\/ul>\n<p>&nbsp;<\/p>\n<ul>\n<li><span style=\"font-weight: 400;\"> \ud83d\udc49 Certains rhums agricoles utilisent la canne bleue ou la canne rouge, vari\u00e9t\u00e9s rares qui changent totalement les ar\u00f4mes \ud83c\udf3e<\/span><span style=\"font-weight: 400;\"><br \/>\n<\/span><span style=\"font-weight: 400;\"> \u27a1\ufe0f Avez-vous d\u00e9j\u00e0 go\u00fbt\u00e9 un rhum issu d\u2019une canne sp\u00e9cifique ?<\/span><\/li>\n<\/ul>\n<p>&nbsp;<\/p>\n<ul>\n<li><span style=\"font-weight: 400;\"> \ud83d\udc49 Le \u201crhum arrang\u00e9\u201d vient de la tradition malgache et r\u00e9unionnaise : chaque famille a sa recette secr\u00e8te \ud83c\udf4d<\/span><span style=\"font-weight: 400;\"><br \/>\n<\/span><span style=\"font-weight: 400;\"> \u27a1\ufe0f Quel ingr\u00e9dient original mettriez-vous dans le v\u00f4tre\u00a0<\/span><\/li>\n<\/ul>\n<p>&nbsp;<\/p>\n<ul>\n<li><span style=\"font-weight: 400;\">\ud83d\udc49 Le type de f\u00fbt utilis\u00e9 (cognac, bourbon, porto, mad\u00e8re\u2026) peut modifier jusqu\u2019\u00e0 40 % du profil aromatique d\u2019un rhum vieux.<\/span><span style=\"font-weight: 400;\"><br \/>\n<\/span><span style=\"font-weight: 400;\"> D\u2019un m\u00eame distillat peuvent na\u00eetre deux rhums totalement diff\u00e9rents !<\/span><\/li>\n<\/ul>\n<p><span style=\"font-weight: 400;\">\u00a0 \u00a0 \u00a0 \u00a0 \u00a0 \u27a1\ufe0f Si vous pouviez choisir, quel type de f\u00fbt aimeriez-vous tester ?<\/span><\/p>\n<p>&nbsp;<\/p>\n<ul>\n<li><span style=\"font-weight: 400;\">\ud83d\udc49 Certaines distilleries enterrent des f\u00fbts de rhum dans le sol pour un vieillissement plus stable et plus frais.<\/span><span style=\"font-weight: 400;\"><br \/>\n<\/span><span style=\"font-weight: 400;\"> Une technique rare mais qui donne des rhums particuli\u00e8rement ronds et doux.<\/span><\/li>\n<\/ul>\n<p><span style=\"font-weight: 400;\">\u00a0 \u00a0 \u00a0 \u00a0 \u00a0 \u27a1\ufe0f Vous aimeriez go\u00fbter un rhum vieilli sous terre ?<\/span><\/p>\n<p>&nbsp;<\/p>\n<ul>\n<li><span style=\"font-weight: 400;\">\ud83d\udc49 Le \u201crhum arrang\u00e9\u201d vient de la tradition malgache et r\u00e9unionnaise : chaque famille a <\/span><b>sa recette secr\u00e8te<\/b><span style=\"font-weight: 400;\"> \ud83c\udf4d<\/span><span style=\"font-weight: 400;\"><br \/>\n<\/span><span style=\"font-weight: 400;\"> \u27a1\ufe0f Quel ingr\u00e9dient original mettriez vous dans le v\u00f4tre ?<\/span><\/li>\n<\/ul>\n<p>&nbsp;<\/p>\n<p><em>Retrouve chaque semaine \u00ab\u00a0Le saviez-vous ?\u00a0\u00bb sur notre page <a href=\"http:\/\/www.facebook.com\/Rhumrepublic\" target=\"_blank\" rel=\"noopener\">Facebook<\/a>&#8230; des anecdotes, Histoires et rituels autour du Rhum.<\/em><\/p>\n","protected":false},"excerpt":{"rendered":"<p>\ud83d\udc49 Le mot \u201crhum\u201d viendrait du mot anglais \u201crumbullion\u201d, qui signifiait \u201cgrand tumulte\u201d au XVIIe si\u00e8cle. \ud83c\udfad Il d\u00e9signait \u00e0 l\u2019origine\u2026 les bagarres entre marins apr\u00e8s en avoir trop bu ! &nbsp; \ud83d\udc49 Le plus vieux rhum du monde encore conserv\u00e9 date de 1780 ! Il s\u2019agit d\u2019un rhum jama\u00efcain, toujours gard\u00e9 pr\u00e9cieusement dans un [&hellip;]<\/p>\n","protected":false},"author":1,"featured_media":0,"parent":0,"menu_order":0,"comment_status":"closed","ping_status":"closed","template":"","meta":{"slim_seo":{"title":"Le saviez vous ?","description":"Des anecdotes, Histoires et rituels autour du Rhum\u00a0& Rhum agricole"},"footnotes":""},"class_list":["post-410","page","type-page","status-publish","hentry"],"_links":{"self":[{"href":"https:\/\/www.rhumrepublic.com\/index.php\/wp-json\/wp\/v2\/pages\/410","targetHints":{"allow":["GET"]}}],"collection":[{"href":"https:\/\/www.rhumrepublic.com\/index.php\/wp-json\/wp\/v2\/pages"}],"about":[{"href":"https:\/\/www.rhumrepublic.com\/index.php\/wp-json\/wp\/v2\/types\/page"}],"author":[{"embeddable":true,"href":"https:\/\/www.rhumrepublic.com\/index.php\/wp-json\/wp\/v2\/users\/1"}],"replies":[{"embeddable":true,"href":"https:\/\/www.rhumrepublic.com\/index.php\/wp-json\/wp\/v2\/comments?post=410"}],"version-history":[{"count":7,"href":"https:\/\/www.rhumrepublic.com\/index.php\/wp-json\/wp\/v2\/pages\/410\/revisions"}],"predecessor-version":[{"id":459,"href":"https:\/\/www.rhumrepublic.com\/index.php\/wp-json\/wp\/v2\/pages\/410\/revisions\/459"}],"wp:attachment":[{"href":"https:\/\/www.rhumrepublic.com\/index.php\/wp-json\/wp\/v2\/media?parent=410"}],"curies":[{"name":"wp","href":"https:\/\/api.w.org\/{rel}","templated":true}]}}