{"id":270,"date":"2025-09-20T18:41:06","date_gmt":"2025-09-20T17:41:06","guid":{"rendered":"https:\/\/www.rhumrepublic.com\/?page_id=270"},"modified":"2025-12-15T20:57:58","modified_gmt":"2025-12-15T19:57:58","slug":"event","status":"publish","type":"page","link":"https:\/\/www.rhumrepublic.com\/index.php\/event\/","title":{"rendered":"Event"},"content":{"rendered":"<h2>L&rsquo;Agenda Rhum<\/h2>\n<p><strong>DISTILLERIE MONTEBELLO &#8211; Guadeloupe<\/strong><\/p>\n<p><img loading=\"lazy\" decoding=\"async\" class=\"alignnone size-full wp-image-486\" src=\"https:\/\/www.rhumrepublic.com\/wp-content\/uploads\/2025\/12\/Montebello_visites.jpg\" alt=\"Montebello visites\" width=\"2048\" height=\"1067\" srcset=\"https:\/\/www.rhumrepublic.com\/wp-content\/uploads\/2025\/12\/Montebello_visites.jpg 2048w, https:\/\/www.rhumrepublic.com\/wp-content\/uploads\/2025\/12\/Montebello_visites-300x156.jpg 300w, https:\/\/www.rhumrepublic.com\/wp-content\/uploads\/2025\/12\/Montebello_visites-1024x534.jpg 1024w, https:\/\/www.rhumrepublic.com\/wp-content\/uploads\/2025\/12\/Montebello_visites-768x400.jpg 768w, https:\/\/www.rhumrepublic.com\/wp-content\/uploads\/2025\/12\/Montebello_visites-1536x800.jpg 1536w\" sizes=\"auto, (max-width: 2048px) 100vw, 2048px\" \/><\/p>\n<p>Les visites guid\u00e9es et d\u00e9gustations tout l&rsquo;ann\u00e9e de la distillerie Montebello<\/p>\n<p>#Rhum #RhumAgricole #RhumMontebello #Montebello #Distillerie #Guadeloupe<\/p>\n<p>\ud835\udc3f\u2019\ud835\udc4e\ud835\udc4f\ud835\udc62\ud835\udc60 \ud835\udc51\u2019\ud835\udc4e\ud835\udc59\ud835\udc50\ud835\udc5c\ud835\udc5c\ud835\udc59 \ud835\udc52\ud835\udc60\ud835\udc61 \ud835\udc51\ud835\udc4e\ud835\udc5b\ud835\udc54\ud835\udc52\ud835\udc5f\ud835\udc52\ud835\udc62\ud835\udc65 \ud835\udc5d\ud835\udc5c\ud835\udc62\ud835\udc5f \ud835\udc59\ud835\udc4e \ud835\udc60\ud835\udc4e\ud835\udc5b\ud835\udc61\ud835\udc52\u0301, \ud835\udc4e\u0300 \ud835\udc50\ud835\udc5c\ud835\udc5b\ud835\udc60\ud835\udc5c\ud835\udc5a\ud835\udc5a\ud835\udc52\ud835\udc5f \ud835\udc4e\ud835\udc63\ud835\udc52\ud835\udc50 \ud835\udc5a\ud835\udc5c\ud835\udc51\ud835\udc52\u0301\ud835\udc5f\ud835\udc4e\ud835\udc61\ud835\udc56\ud835\udc5c\ud835\udc5b.<\/p>\n<p>&nbsp;<\/p>\n<p><strong>Salons Rhum, d\u00e9gustations exclusives, inaugurations et festivals incontournables :<\/strong><\/p>\n<p><img loading=\"lazy\" decoding=\"async\" class=\"alignnone size-full wp-image-283\" src=\"https:\/\/www.rhumrepublic.com\/wp-content\/uploads\/2025\/09\/whisky-live-paris-2025.jpg\" alt=\"Whisky live paris 2025\" width=\"1240\" height=\"480\" srcset=\"https:\/\/www.rhumrepublic.com\/wp-content\/uploads\/2025\/09\/whisky-live-paris-2025.jpg 1240w, https:\/\/www.rhumrepublic.com\/wp-content\/uploads\/2025\/09\/whisky-live-paris-2025-300x116.jpg 300w, https:\/\/www.rhumrepublic.com\/wp-content\/uploads\/2025\/09\/whisky-live-paris-2025-1024x396.jpg 1024w, https:\/\/www.rhumrepublic.com\/wp-content\/uploads\/2025\/09\/whisky-live-paris-2025-768x297.jpg 768w\" sizes=\"auto, (max-width: 1240px) 100vw, 1240px\" \/><\/p>\n<h3>WHYSKY LIVE PARIS 2025<\/h3>\n<p><strong>Les 27 et 28 Septembre 2025<\/strong><\/p>\n<p>Le <strong data-start=\"181\" data-end=\"207\">Whisky Live Paris 2025<\/strong> revient cette ann\u00e9e comme le plus grand salon europ\u00e9en d\u00e9di\u00e9 aux spiritueux. Au programme : de nombreuses <strong data-start=\"314\" data-end=\"340\">exclusivit\u00e9s mondiales<\/strong>, des <strong data-start=\"346\" data-end=\"367\" data-is-only-node=\"\">eaux-de-vie rares<\/strong> et une mise en avant exceptionnelle du <strong data-start=\"407\" data-end=\"415\">rhum<\/strong>. L\u2019\u00e9dition 2025 renforce \u00e9galement son lien avec la <strong data-start=\"468\" data-end=\"483\">gastronomie<\/strong>, offrant aux passionn\u00e9s et aux professionnels une exp\u00e9rience unique autour des saveurs et accords mets &amp; spiritueux.<\/p>\n<p><span class=\"html-span xdj266r x14z9mp xat24cr x1lziwak xexx8yu xyri2b x18d9i69 x1c1uobl x1hl2dhg x16tdsg8 x1vvkbs\">#Rhum<\/span>\u00a0<span class=\"html-span xdj266r x14z9mp xat24cr x1lziwak xexx8yu xyri2b x18d9i69 x1c1uobl x1hl2dhg x16tdsg8 x1vvkbs\">#RhumAgricole <\/span><span class=\"html-span xdj266r x14z9mp xat24cr x1lziwak xexx8yu xyri2b x18d9i69 x1c1uobl x1hl2dhg x16tdsg8 x1vvkbs\">#Paris #WhiskyLiveParis2025<\/span><\/p>\n<p>\ud835\udc3f\u2019\ud835\udc4e\ud835\udc4f\ud835\udc62\ud835\udc60 \ud835\udc51\u2019\ud835\udc4e\ud835\udc59\ud835\udc50\ud835\udc5c\ud835\udc5c\ud835\udc59 \ud835\udc52\ud835\udc60\ud835\udc61 \ud835\udc51\ud835\udc4e\ud835\udc5b\ud835\udc54\ud835\udc52\ud835\udc5f\ud835\udc52\ud835\udc62\ud835\udc65 \ud835\udc5d\ud835\udc5c\ud835\udc62\ud835\udc5f \ud835\udc59\ud835\udc4e \ud835\udc60\ud835\udc4e\ud835\udc5b\ud835\udc61\ud835\udc52\u0301, \ud835\udc4e\u0300 \ud835\udc50\ud835\udc5c\ud835\udc5b\ud835\udc60\ud835\udc5c\ud835\udc5a\ud835\udc5a\ud835\udc52\ud835\udc5f \ud835\udc4e\ud835\udc63\ud835\udc52\ud835\udc50 \ud835\udc5a\ud835\udc5c\ud835\udc51\ud835\udc52\u0301\ud835\udc5f\ud835\udc4e\ud835\udc61\ud835\udc56\ud835\udc5c\ud835\udc5b.<\/p>\n<p><a href=\"https:\/\/www.whiskylive.fr\/rhum-gallery\/\">Rhum Gallery &#8211; Whisky Live Paris<\/a><\/p>\n<div class=\"x14z9mp xat24cr x1lziwak x1vvkbs xtlvy1s x126k92a\">\n<div dir=\"auto\"><img loading=\"lazy\" decoding=\"async\" class=\"alignnone size-full wp-image-271\" src=\"https:\/\/www.rhumrepublic.com\/wp-content\/uploads\/2025\/09\/Bologne.jpg\" alt=\"Bologne\" width=\"970\" height=\"300\" srcset=\"https:\/\/www.rhumrepublic.com\/wp-content\/uploads\/2025\/09\/Bologne.jpg 970w, https:\/\/www.rhumrepublic.com\/wp-content\/uploads\/2025\/09\/Bologne-300x93.jpg 300w, https:\/\/www.rhumrepublic.com\/wp-content\/uploads\/2025\/09\/Bologne-768x238.jpg 768w\" sizes=\"auto, (max-width: 970px) 100vw, 970px\" \/><\/div>\n<h3 dir=\"auto\">DEGUSTATION RHUM BOLOGNE &#8211; Gamme LES EXPERIENTIELS<\/h3>\n<p dir=\"auto\"><strong>Du 22 au 27 septembre 2025<\/strong><\/p>\n<div dir=\"auto\">D\u00e9gustations et offres exclusives sur la collection permanente <strong>Bologne<\/strong> chez <strong><span class=\"html-span xdj266r x14z9mp xat24cr x1lziwak xexx8yu xyri2b x18d9i69 x1c1uobl x1hl2dhg x16tdsg8 x1vvkbs\"><span class=\"xt0psk2\"><span class=\"xjp7ctv\">Terre de Rhums<\/span><\/span><\/span><\/strong> \u00e0 Paris .<\/div>\n<div dir=\"auto\">D\u00e9couvrez la nouvelle gamme <strong>LES EXP\u00c9RIENTIELS<\/strong> n\u00b01 sign\u00e9e <strong>Rhum Bologne<\/strong> avec l\u2019\u00e9dition limit\u00e9e <strong>INDIG\u00c8NE<\/strong> ( Canne noire sur terroir volcanique).<\/div>\n<div dir=\"auto\"><\/div>\n<\/div>\n<div dir=\"auto\"><span class=\"html-span xdj266r x14z9mp xat24cr x1lziwak xexx8yu xyri2b x18d9i69 x1c1uobl x1hl2dhg x16tdsg8 x1vvkbs\">#RhumBologne<\/span> <span class=\"html-span xdj266r x14z9mp xat24cr x1lziwak xexx8yu xyri2b x18d9i69 x1c1uobl x1hl2dhg x16tdsg8 x1vvkbs\">#Guadeloupe<\/span> <span class=\"html-span xdj266r x14z9mp xat24cr x1lziwak xexx8yu xyri2b x18d9i69 x1c1uobl x1hl2dhg x16tdsg8 x1vvkbs\">#RhumAgricole <\/span><span class=\"html-span xdj266r x14z9mp xat24cr x1lziwak xexx8yu xyri2b x18d9i69 x1c1uobl x1hl2dhg x16tdsg8 x1vvkbs\">#Terroir<\/span><\/div>\n<div class=\"x14z9mp xat24cr x1lziwak x1vvkbs xtlvy1s x126k92a\">\n<div dir=\"auto\">\ud835\udc3f\u2019\ud835\udc4e\ud835\udc4f\ud835\udc62\ud835\udc60 \ud835\udc51\u2019\ud835\udc4e\ud835\udc59\ud835\udc50\ud835\udc5c\ud835\udc5c\ud835\udc59 \ud835\udc52\ud835\udc60\ud835\udc61 \ud835\udc51\ud835\udc4e\ud835\udc5b\ud835\udc54\ud835\udc52\ud835\udc5f\ud835\udc52\ud835\udc62\ud835\udc65 \ud835\udc5d\ud835\udc5c\ud835\udc62\ud835\udc5f \ud835\udc59\ud835\udc4e \ud835\udc60\ud835\udc4e\ud835\udc5b\ud835\udc61\ud835\udc52\u0301, \ud835\udc4e\u0300 \ud835\udc50\ud835\udc5c\ud835\udc5b\ud835\udc60\ud835\udc5c\ud835\udc5a\ud835\udc5a\ud835\udc52\ud835\udc5f \ud835\udc4e\ud835\udc63\ud835\udc52\ud835\udc50 \ud835\udc5a\ud835\udc5c\ud835\udc51\ud835\udc52\u0301\ud835\udc5f\ud835\udc4e\ud835\udc61\ud835\udc56\ud835\udc5c\ud835\udc5b.<\/div>\n<\/div>\n<div class=\"x14z9mp xat24cr x1lziwak x1vvkbs xtlvy1s x126k92a\">\n<div dir=\"auto\"><\/div>\n<div dir=\"auto\">Infoline: 01 42 51 95 50<\/div>\n<\/div>\n<div class=\"x14z9mp xat24cr x1lziwak x1vvkbs xtlvy1s x126k92a\">\n<div dir=\"auto\"><\/div>\n<\/div>\n","protected":false},"excerpt":{"rendered":"<p>L&rsquo;Agenda Rhum DISTILLERIE MONTEBELLO &#8211; Guadeloupe Les visites guid\u00e9es et d\u00e9gustations tout l&rsquo;ann\u00e9e de la distillerie Montebello #Rhum #RhumAgricole #RhumMontebello #Montebello #Distillerie #Guadeloupe \ud835\udc3f\u2019\ud835\udc4e\ud835\udc4f\ud835\udc62\ud835\udc60 \ud835\udc51\u2019\ud835\udc4e\ud835\udc59\ud835\udc50\ud835\udc5c\ud835\udc5c\ud835\udc59 \ud835\udc52\ud835\udc60\ud835\udc61 \ud835\udc51\ud835\udc4e\ud835\udc5b\ud835\udc54\ud835\udc52\ud835\udc5f\ud835\udc52\ud835\udc62\ud835\udc65 \ud835\udc5d\ud835\udc5c\ud835\udc62\ud835\udc5f \ud835\udc59\ud835\udc4e \ud835\udc60\ud835\udc4e\ud835\udc5b\ud835\udc61\ud835\udc52\u0301, \ud835\udc4e\u0300 \ud835\udc50\ud835\udc5c\ud835\udc5b\ud835\udc60\ud835\udc5c\ud835\udc5a\ud835\udc5a\ud835\udc52\ud835\udc5f \ud835\udc4e\ud835\udc63\ud835\udc52\ud835\udc50 \ud835\udc5a\ud835\udc5c\ud835\udc51\ud835\udc52\u0301\ud835\udc5f\ud835\udc4e\ud835\udc61\ud835\udc56\ud835\udc5c\ud835\udc5b. &nbsp; Salons Rhum, d\u00e9gustations exclusives, inaugurations et festivals incontournables : WHYSKY LIVE PARIS 2025 Les 27 et 28 Septembre 2025 Le [&hellip;]<\/p>\n","protected":false},"author":1,"featured_media":0,"parent":0,"menu_order":0,"comment_status":"closed","ping_status":"closed","template":"","meta":{"slim_seo":{"description":"Rhum Republic recense les prochains \u00e9v\u00e8nements rhum : rhum agricole, rhum blanc, rhums de collection, festivals et soir\u00e9es d\u00e9gustation.","title":"Event - Rhum Republic"},"footnotes":""},"class_list":["post-270","page","type-page","status-publish","hentry"],"_links":{"self":[{"href":"https:\/\/www.rhumrepublic.com\/index.php\/wp-json\/wp\/v2\/pages\/270","targetHints":{"allow":["GET"]}}],"collection":[{"href":"https:\/\/www.rhumrepublic.com\/index.php\/wp-json\/wp\/v2\/pages"}],"about":[{"href":"https:\/\/www.rhumrepublic.com\/index.php\/wp-json\/wp\/v2\/types\/page"}],"author":[{"embeddable":true,"href":"https:\/\/www.rhumrepublic.com\/index.php\/wp-json\/wp\/v2\/users\/1"}],"replies":[{"embeddable":true,"href":"https:\/\/www.rhumrepublic.com\/index.php\/wp-json\/wp\/v2\/comments?post=270"}],"version-history":[{"count":10,"href":"https:\/\/www.rhumrepublic.com\/index.php\/wp-json\/wp\/v2\/pages\/270\/revisions"}],"predecessor-version":[{"id":488,"href":"https:\/\/www.rhumrepublic.com\/index.php\/wp-json\/wp\/v2\/pages\/270\/revisions\/488"}],"wp:attachment":[{"href":"https:\/\/www.rhumrepublic.com\/index.php\/wp-json\/wp\/v2\/media?parent=270"}],"curies":[{"name":"wp","href":"https:\/\/api.w.org\/{rel}","templated":true}]}}