{"id":131,"date":"2025-08-06T21:01:58","date_gmt":"2025-08-06T21:01:58","guid":{"rendered":"https:\/\/www.rhumrepublic.com\/?page_id=131"},"modified":"2026-03-06T00:22:52","modified_gmt":"2026-03-05T23:22:52","slug":"mentions-legales","status":"publish","type":"page","link":"https:\/\/www.rhumrepublic.com\/index.php\/mentions-legales\/","title":{"rendered":"Mentions l\u00e9gales"},"content":{"rendered":"<p><strong>Mentions L\u00e9gales<\/strong><\/p>\n<p>\u00c9diteur du site<br \/>\nNom du site : RhumRepublic<br \/>\nURL : https:\/\/www.rhumrepublic.com<\/p>\n<p>Soci\u00e9t\u00e9 \u00e9ditrice : Rhum Republic SAS<br \/>\nForme juridique : Soci\u00e9t\u00e9 par Actions Simplifi\u00e9e<br \/>\nCapital social : 1 EURO<br \/>\nSi\u00e8ge social : 37\/39 avenue ledru rollin 75012 paris<br \/>\nRCS \/ SIREN : 49823886400025<br \/>\nN\u00b0 de TVA intracommunautaire : Non assujetti \u00e0 la TVA<br \/>\nDirecteur de la publication : william VALETUDIE<br \/>\nEmail de contact : contact@rhumrepublic.com<\/p>\n<p>H\u00e9bergement<br \/>\nH\u00e9bergeur : OHV<br \/>\nAdresse : Si\u00e8ge social : 2 rue Kellermann &#8211; 59100 Roubaix &#8211; France<br \/>\nSite Web : www.ovhcloud.com<\/p>\n<p>Propri\u00e9t\u00e9 intellectuelle<br \/>\nL\u2019ensemble du contenu du site (textes, images, illustrations, logos, vid\u00e9os, fichiers t\u00e9l\u00e9chargeables, etc.) est la propri\u00e9t\u00e9 exclusive de Rhum Republic ou de ses partenaires, sauf mention contraire. Toute reproduction, repr\u00e9sentation, diffusion, adaptation ou exploitation, m\u00eame partielle, est strictement interdite sans autorisation pr\u00e9alable \u00e9crite.<\/p>\n<p>Donn\u00e9es personnelles<br \/>\nConform\u00e9ment au R\u00e8glement G\u00e9n\u00e9ral sur la Protection des Donn\u00e9es (RGPD) et \u00e0 la loi \u00ab\u00a0Informatique et Libert\u00e9s\u00a0\u00bb, vous disposez d\u2019un droit d\u2019acc\u00e8s, de rectification, de suppression et d\u2019opposition aux donn\u00e9es personnelles vous concernant.<\/p>\n<p>Responsable du traitement : Rhum Republic<br \/>\nEmail de contact (DPO) pour les donn\u00e9es personnelles : rhumrepublic@gmail.com<\/p>\n<p>Pour en savoir plus sur la mani\u00e8re dont vos donn\u00e9es sont collect\u00e9es et trait\u00e9es, consultez notre Politique de confidentialit\u00e9.<\/p>\n<p>Cookies<br \/>\nLe site peut \u00eatre amen\u00e9 \u00e0 utiliser des cookies pour am\u00e9liorer l\u2019exp\u00e9rience utilisateur, r\u00e9aliser des statistiques de visite, ou permettre certaines fonctionnalit\u00e9s. Vous pouvez \u00e0 tout moment g\u00e9rer vos pr\u00e9f\u00e9rences ou refuser les cookies via notre bandeau de gestion des cookies.<\/p>\n<p>Loi applicable<br \/>\nLes pr\u00e9sentes mentions l\u00e9gales sont r\u00e9gies par le droit fran\u00e7ais. En cas de litige, les tribunaux fran\u00e7ais seront seuls comp\u00e9tents.<\/p>\n<p>\ud83d\udd12 L&rsquo;abus d&rsquo;alcool est dangereux pour la sant\u00e9, \u00e0 consommer avec mod\u00e9ration.<br \/>\n\u26a0\ufe0f La consultation de ce site est r\u00e9serv\u00e9e aux personnes majeures selon la l\u00e9gislation en vigueur dans leur pays de r\u00e9sidence.<\/p>\n","protected":false},"excerpt":{"rendered":"<p>Mentions L\u00e9gales \u00c9diteur du site Nom du site : RhumRepublic URL : https:\/\/www.rhumrepublic.com Soci\u00e9t\u00e9 \u00e9ditrice : Rhum Republic SAS Forme juridique : Soci\u00e9t\u00e9 par Actions Simplifi\u00e9e Capital social : 1 EURO Si\u00e8ge social : 37\/39 avenue ledru rollin 75012 paris RCS \/ SIREN : 49823886400025 N\u00b0 de TVA intracommunautaire : Non assujetti \u00e0 la TVA [&hellip;]<\/p>\n","protected":false},"author":1,"featured_media":0,"parent":0,"menu_order":0,"comment_status":"closed","ping_status":"closed","template":"","meta":{"slim_seo":{"title":"Mentions l\u00e9gales - Rhum Republic","description":"Mentions L\u00e9gales \u00c9diteur du site Nom du site : RhumRepublic URL : https:\/\/www.rhumrepublic.com Soci\u00e9t\u00e9 \u00e9ditrice : Rhum Republic SAS"},"footnotes":""},"class_list":["post-131","page","type-page","status-publish","hentry"],"_links":{"self":[{"href":"https:\/\/www.rhumrepublic.com\/index.php\/wp-json\/wp\/v2\/pages\/131","targetHints":{"allow":["GET"]}}],"collection":[{"href":"https:\/\/www.rhumrepublic.com\/index.php\/wp-json\/wp\/v2\/pages"}],"about":[{"href":"https:\/\/www.rhumrepublic.com\/index.php\/wp-json\/wp\/v2\/types\/page"}],"author":[{"embeddable":true,"href":"https:\/\/www.rhumrepublic.com\/index.php\/wp-json\/wp\/v2\/users\/1"}],"replies":[{"embeddable":true,"href":"https:\/\/www.rhumrepublic.com\/index.php\/wp-json\/wp\/v2\/comments?post=131"}],"version-history":[{"count":3,"href":"https:\/\/www.rhumrepublic.com\/index.php\/wp-json\/wp\/v2\/pages\/131\/revisions"}],"predecessor-version":[{"id":612,"href":"https:\/\/www.rhumrepublic.com\/index.php\/wp-json\/wp\/v2\/pages\/131\/revisions\/612"}],"wp:attachment":[{"href":"https:\/\/www.rhumrepublic.com\/index.php\/wp-json\/wp\/v2\/media?parent=131"}],"curies":[{"name":"wp","href":"https:\/\/api.w.org\/{rel}","templated":true}]}}